{"id":864,"date":"2018-06-11T12:41:02","date_gmt":"2018-06-11T12:41:02","guid":{"rendered":"https:\/\/www.mordego.com\/?page_id=864"},"modified":"2019-03-15T08:17:26","modified_gmt":"2019-03-15T08:17:26","slug":"cookies","status":"publish","type":"page","link":"https:\/\/www.mordego.com\/es\/cookies\/","title":{"rendered":"COOKIES (ESP)"},"content":{"rendered":"<div data-elementor-type=\"wp-post\" data-elementor-id=\"864\" class=\"elementor elementor-864\">\n\t\t\t\t\t\t<section class=\"elementor-section elementor-top-section elementor-element elementor-element-9329d0f elementor-section-boxed elementor-section-height-default elementor-section-height-default\" data-id=\"9329d0f\" data-element_type=\"section\" data-settings=\"{&quot;background_background&quot;:&quot;classic&quot;}\">\n\t\t\t\t\t\t<div class=\"elementor-container elementor-column-gap-default\">\n\t\t\t\t\t<div class=\"elementor-column elementor-col-100 elementor-top-column elementor-element elementor-element-8b0bb5\" data-id=\"8b0bb5\" data-element_type=\"column\">\n\t\t\t<div class=\"elementor-widget-wrap elementor-element-populated\">\n\t\t\t\t\t\t<div class=\"elementor-element elementor-element-257c32d elementor-widget elementor-widget-spacer\" data-id=\"257c32d\" data-element_type=\"widget\" data-widget_type=\"spacer.default\">\n\t\t\t\t<div class=\"elementor-widget-container\">\n\t\t\t\t\t\t\t<div class=\"elementor-spacer\">\n\t\t\t<div class=\"elementor-spacer-inner\"><\/div>\n\t\t<\/div>\n\t\t\t\t\t\t<\/div>\n\t\t\t\t<\/div>\n\t\t\t\t<div class=\"elementor-element elementor-element-8184b45 elementor-widget elementor-widget-heading\" data-id=\"8184b45\" data-element_type=\"widget\" data-widget_type=\"heading.default\">\n\t\t\t\t<div class=\"elementor-widget-container\">\n\t\t\t\t\t<h1 class=\"elementor-heading-title elementor-size-default\">COOKIES<\/h1>\t\t\t\t<\/div>\n\t\t\t\t<\/div>\n\t\t\t\t<div class=\"elementor-element elementor-element-640ce3a elementor-button-info elementor-align-center elementor-widget elementor-widget-button\" data-id=\"640ce3a\" data-element_type=\"widget\" data-widget_type=\"button.default\">\n\t\t\t\t<div class=\"elementor-widget-container\">\n\t\t\t\t\t\t\t\t\t<div class=\"elementor-button-wrapper\">\n\t\t\t\t\t<a class=\"elementor-button elementor-button-link elementor-size-sm\" href=\"https:\/\/www.mordego.com\/es\/cookies-eng\/\">\n\t\t\t\t\t\t<span class=\"elementor-button-content-wrapper\">\n\t\t\t\t\t\t\t\t\t<span class=\"elementor-button-text\">English<\/span>\n\t\t\t\t\t<\/span>\n\t\t\t\t\t<\/a>\n\t\t\t\t<\/div>\n\t\t\t\t\t\t\t\t<\/div>\n\t\t\t\t<\/div>\n\t\t\t\t<div class=\"elementor-element elementor-element-68d3b9a7 elementor-widget elementor-widget-text-editor\" data-id=\"68d3b9a7\" data-element_type=\"widget\" data-widget_type=\"text-editor.default\">\n\t\t\t\t<div class=\"elementor-widget-container\">\n\t\t\t\t\t\t\t\t\t<h1><b style=\"font-size: 14px; color: #ffffff;\">POLITICA DE COOKIES<\/b><\/h1><p>Si quieres saber m\u00e1s sobre el uso de cookies que realiza este sitio web\u00a0<strong>https:\/\/www.mordego<\/strong><strong>.com<\/strong><b>,<\/b>\u00a0est\u00e1s en el lugar indicado. \u00a0A continuaci\u00f3n, vamos a explicarte qu\u00e9 son exactamente las cookies; qu\u00e9 tipo de cookies utilizamos y para qu\u00e9; y c\u00f3mo puedes ejercer tu derecho para configurar tu navegador y desestimar el uso de cualquiera de ellas.<\/p><p>Eso s\u00ed, debes saber, que si decides no utilizar algunas cookies, este sitio web puede no funcionar perfectamente, afectando a tu experiencia de usuario.<\/p><p><b>QU\u00c9 ES UNA COOKIE<\/b><\/p><p>Una\u00a0<i>cookie<\/i>\u00a0es un fichero que se descarga en tu ordenador al acceder a determinadas p\u00e1ginas web o blogs.<\/p><p>Las\u00a0<i>cookies<\/i>\u00a0permiten a esa p\u00e1gina, entre otras cosas, almacenar y recuperar informaci\u00f3n sobre tus h\u00e1bitos de navegaci\u00f3n o de tu equipo, y dependiendo de la informaci\u00f3n que contengan y de la forma en que utilices tu equipo, pueden utilizarse para reconocerte.<\/p><p>El navegador del usuario memoriza cookies en el disco duro solamente durante la sesi\u00f3n actual ocupando un espacio de memoria m\u00ednimo y no perjudicando al ordenador. Las cookies no contienen ninguna clase de informaci\u00f3n personal espec\u00edfica, y la mayor\u00eda de las mismas se borran del disco duro al finalizar la sesi\u00f3n de navegador (las denominadas cookies de sesi\u00f3n).<\/p><p>La mayor\u00eda de los navegadores aceptan como est\u00e1ndar a las cookies y, con independencia de las mismas, permiten o impiden en los ajustes de seguridad las cookies temporales o memorizadas.<\/p><p>Las cookies se asocian al navegador, no a la persona, por lo que no suelen almacenar informaci\u00f3n sensible sobre ti como tarjetas de cr\u00e9dito o datos bancarios, fotograf\u00edas o informaci\u00f3n personal, etc. Los datos que guardan son de car\u00e1cter t\u00e9cnico, estad\u00edsticos, preferencias personales, personalizaci\u00f3n de contenidos, etc.<\/p><p><b>ACEPTACI\u00d3N DE LAS COOKIES: NORMATIVA VIGENTE<\/b><\/p><p>Al acceder a este sitio web, y de acuerdo a la normativa vigente en materia de protecci\u00f3n de datos, te informamos del uso de cookies, d\u00e1ndote la opci\u00f3n de aceptarlas expresamente y de acceder a m\u00e1s informaci\u00f3n a trav\u00e9s de esta Pol\u00edtica de Cookies.<\/p><p>Debes saber que, en el caso de continuar navegando, estar\u00e1s prestando tu consentimiento para el empleo de estas cookies. Pero, en cualquier momento, podr\u00e1s cambiar de opini\u00f3n y bloquear su utilizaci\u00f3n a trav\u00e9s de tu navegador.<\/p><p>Para tu total tranquilidad, este sitio web cumple con lo estipulado en la normativa vigente en relaci\u00f3n con el uso de las cookies y tus datos personales:<\/p><p>El reglamento LSSI-CE (<b>Ley de la sociedad de la informaci\u00f3n y del comercio electr\u00f3nico<\/b>)<\/p><p>El\u00a0<b>RGPD\u00a0<\/b>(<b>Reglamento (UE) 2016\/679 del Parlamento Europeo y del Consejo de 27 de abril de 2016 relativo a la protecci\u00f3n de las personas f\u00edsicas<\/b>),\u00a0que unifica la regulaci\u00f3n del tratamiento de los datos personales en los pa\u00edses de la UE.<\/p><p>Esta Pol\u00edtica de Cookies podr\u00eda modificarse en cualquier momento para adaptarse a novedades normativas o\u00a0cambios en nuestras actividades, siendo vigente la que en cada momento se encuentre publicada en la web.<\/p><p><b>TIPOS DE COOKIES<\/b><\/p><p>Para poder ofrecerte una mejor experiencia de usuario, obtener datos anal\u00edticos,\u00a0almacenar y recuperar informaci\u00f3n sobre tus h\u00e1bitos de navegaci\u00f3n o de tu equipo y desarrollar su actividad, este sitio web\u00a0<strong>https:\/\/www.mordego.com<\/strong><b>,<\/b>\u00a0utiliza cookies propias y de terceros.<\/p><p><b>\u00bfQu\u00e9 tipos de cookies utiliza este sitio web?<\/b><\/p><ul><li><b>Cookies t\u00e9cnicas<\/b>: Son aquellas que permiten al usuario la navegaci\u00f3n a trav\u00e9s de una p\u00e1gina web, plataforma o aplicaci\u00f3n y la utilizaci\u00f3n de las diferentes opciones o servicios que en ella existan como, por ejemplo, controlar el tr\u00e1fico y la comunicaci\u00f3n de datos, identificar la sesi\u00f3n, acceder a partes de acceso restringido, recordar los elementos que integran un pedido, realizar el proceso de compra de un pedido, realizar la solicitud de inscripci\u00f3n o participaci\u00f3n en un evento, utilizar elementos de seguridad durante la navegaci\u00f3n, almacenar contenidos para la difusi\u00f3n de videos o sonido o compartir contenidos a trav\u00e9s de redes sociales.<\/li><\/ul><ul><li><b>Cookies de personalizaci\u00f3n<\/b>: Son aquellas que permiten al usuario acceder al servicio con algunas caracter\u00edsticas de car\u00e1cter general predefinidas en funci\u00f3n de una serie de criterios en el terminal del usuario como por ejemplo serian el idioma, el tipo de navegador a trav\u00e9s del cual accede al servicio, la configuraci\u00f3n regional desde donde accede al servicio, etc.<\/li><\/ul><ul><li><b>Cookies de an\u00e1lisis<\/b>: Son aquellas que bien tratadas por nosotros o por terceros, nos permiten cuantificar el n\u00famero de usuarios y as\u00ed realizar la medici\u00f3n y an\u00e1lisis estad\u00edstico de la utilizaci\u00f3n que hacen los usuarios del servicio ofertado. Para ello se analiza tu navegaci\u00f3n en nuestra p\u00e1gina web con el fin de mejorar la oferta de productos o servicios que le ofrecemos.<\/li><\/ul><ul><li><b>Cookies publicitarias<\/b>: Son aquellas que, bien tratadas por nosotros o por terceros, nos permiten gestionar de la forma m\u00e1s eficaz posible la oferta de los espacios publicitarios que hay en la p\u00e1gina web, adecuando el contenido del anuncio al contenido del servicio solicitado o al uso que realice de nuestra p\u00e1gina web. Para ello podemos analizar tus h\u00e1bitos de navegaci\u00f3n en Internet y podemos mostrarte publicidad relacionada con tu perfil de navegaci\u00f3n.<\/li><\/ul><ul><li><b>Cookies de publicidad comportamental<\/b>: Son aquellas que permiten la gesti\u00f3n, de la forma m\u00e1s eficaz posible, de los espacios publicitarios que, en su caso, el editor haya incluido en una p\u00e1gina web, aplicaci\u00f3n o plataforma desde la que presta el servicio solicitado. Estas cookies almacenan informaci\u00f3n del comportamiento de los usuarios obtenida a trav\u00e9s de la observaci\u00f3n continuada de sus h\u00e1bitos de navegaci\u00f3n, lo que permite desarrollar un perfil espec\u00edfico para mostrar publicidad en funci\u00f3n del mismo.<\/li><\/ul><ul><li><b>Cookies de terceros<\/b>: Esta web\u00a0<strong>https:\/\/www.mordego<\/strong><b>.com<\/b>\u00a0puede utilizar servicios de terceros que, por cuenta de Google, recopilar\u00e1n informaci\u00f3n con fines estad\u00edsticos, de uso del sitio por parte del usuario y para la prestaci\u00f3n de otros servicios relacionados con la actividad del sitio web y otros servicios de Internet.<\/li><\/ul><p>En particular, este sitio web utiliza Google Analytics, un servicio anal\u00edtico de web prestado por Google, Inc. con domicilio en los Estados Unidos con sede central en 1600 Amphitheatre Parkway, Mountain View, California 94043. Para la prestaci\u00f3n de estos servicios, Google utiliza cookies que recopilan la informaci\u00f3n, incluida la direcci\u00f3n IP del usuario, que ser\u00e1 transmitida, tratada y almacenada por Google en los t\u00e9rminos fijados en la web Google.com. Esto incluye la posible transmisi\u00f3n de dicha informaci\u00f3n a terceros por razones de exigencia legal o cuando dichos terceros procesen la informaci\u00f3n por cuenta de Google.<\/p><p>GESTIONAR Y RECHAZAR EL USO DE COOKIES<\/p><p>En cualquier momento,\u00a0puedes adaptar la configuraci\u00f3n del navegador para gestionar, desestimar el uso de cookies y ser notificado antes de que se descarguen.<\/p><p>Tambi\u00e9n puedes adaptar la configuraci\u00f3n de forma que el navegador rechace todas las\u00a0<i>cookies<\/i>, o \u00fanicamente las\u00a0<i>cookies<\/i>\u00a0de terceros. Y tambi\u00e9n puedes eliminar cualquiera de las\u00a0<i>cookies<\/i>\u00a0que ya se encuentren en tu equipo.<\/p><p>Para esto, debes tener en cuenta que tendr\u00e1s que adaptar por separado la configuraci\u00f3n\u00a0de cada navegador y equipo que utilices ya que, como te hemos comentado anteriormente las cookies se asocian al navegador, no a la persona.<\/p><p><b>Google Chrome\u00a0<\/b><a href=\"https:\/\/support.google.com\/chrome\/answer\/95647?hl=es-419\">https:\/\/support.google.com\/chrome\/answer\/95647?hl=es-419<\/a><\/p><p><b>Internet Explorer<\/b>\u00a0<a href=\"https:\/\/support.microsoft.com\/es-es\/help\/17442\/windows-internet-explorer-delete-manage-cookies#ie=ie-10\">https:\/\/support.microsoft.com\/es-es\/help\/17442\/windows-internet-explorer-delete-manage-cookies#ie=ie-10<\/a><\/p><p><b>Mozilla Firefox<\/b>\u00a0<a href=\"https:\/\/support.mozilla.org\/es\/kb\/habilitar-y-deshabilitar-cookies-sitios-web-rastrear-preferencias?redirectlocale=es&amp;redirectslug=habilitar-y-deshabilitar-cookies-que-los-sitios-we\">https:\/\/support.mozilla.org\/es\/kb\/habilitar-y-deshabilitar-cookies-sitios-web-rastrear-preferencias?redirectlocale=es&amp;redirectslug=habilitar-y-deshabilitar-cookies-que-los-sitios-we<\/a><\/p><p><b>Apple Safari<\/b>\u00a0<a href=\"https:\/\/support.apple.com\/es-es\/HT201265\">https:\/\/support.apple.com\/es-es\/HT201265<\/a><\/p><p>Si tienes cualquier duda sobre esta Pol\u00edtica de Cookies, puedes contactar con nosotros envi\u00e1ndonos un mail a fitoridao@mordalego.com.\u00a0<\/p><h3><strong>Cambios<\/strong><\/h3><ul><li>Nuestra Pol\u00edtica de Privacidad puede cambiar con el tiempo. Anunciaremos cualquier cambio en esta p\u00e1gina, si son significativos, proveeremos noticias importantes (incluyendo, para algunos servicios, notificaciones por email de cambios en la pol\u00edtica de privacidad). Esta Pol\u00edtica de Privacidad fue actualizada el 11 de Junio de 2018.<\/li><\/ul><p><a target=\"_blank\" rel=\"noopener\">\u00a0<\/a><\/p>\t\t\t\t\t\t\t\t<\/div>\n\t\t\t\t<\/div>\n\t\t\t\t\t<\/div>\n\t\t<\/div>\n\t\t\t\t\t<\/div>\n\t\t<\/section>\n\t\t\t\t<section class=\"elementor-section elementor-top-section elementor-element elementor-element-3b7b1577 elementor-section-content-middle elementor-section-boxed elementor-section-height-default elementor-section-height-default elementor-invisible\" data-id=\"3b7b1577\" data-element_type=\"section\" data-settings=\"{&quot;background_background&quot;:&quot;classic&quot;,&quot;animation&quot;:&quot;slideInUp&quot;}\">\n\t\t\t\t\t\t<div class=\"elementor-container elementor-column-gap-default\">\n\t\t\t\t\t<div class=\"elementor-column elementor-col-50 elementor-top-column elementor-element elementor-element-2bb894aa\" data-id=\"2bb894aa\" data-element_type=\"column\">\n\t\t\t<div class=\"elementor-widget-wrap elementor-element-populated\">\n\t\t\t\t\t\t<div class=\"elementor-element elementor-element-75cbd4e elementor-hidden-phone elementor-widget elementor-widget-image\" data-id=\"75cbd4e\" data-element_type=\"widget\" data-widget_type=\"image.default\">\n\t\t\t\t<div class=\"elementor-widget-container\">\n\t\t\t\t\t\t\t\t\t\t\t\t\t\t\t<img fetchpriority=\"high\" decoding=\"async\" width=\"960\" height=\"454\" src=\"https:\/\/www.mordego.com\/wp-content\/uploads\/2018\/09\/MordAlego-LOGO.png\" class=\"attachment-full size-full wp-image-2834\" alt=\"\" srcset=\"https:\/\/www.mordego.com\/wp-content\/uploads\/2018\/09\/MordAlego-LOGO.png 960w, https:\/\/www.mordego.com\/wp-content\/uploads\/2018\/09\/MordAlego-LOGO-300x142.png 300w, https:\/\/www.mordego.com\/wp-content\/uploads\/2018\/09\/MordAlego-LOGO-768x363.png 768w\" sizes=\"(max-width: 960px) 100vw, 960px\" \/>\t\t\t\t\t\t\t\t\t\t\t\t\t\t\t<\/div>\n\t\t\t\t<\/div>\n\t\t\t\t\t<\/div>\n\t\t<\/div>\n\t\t\t\t<div class=\"elementor-column elementor-col-50 elementor-top-column elementor-element elementor-element-2fd2116e\" data-id=\"2fd2116e\" data-element_type=\"column\">\n\t\t\t<div class=\"elementor-widget-wrap elementor-element-populated\">\n\t\t\t\t\t\t<div class=\"elementor-element elementor-element-6a73c1f8 e-grid-align-right e-grid-align-mobile-center elementor-shape-rounded elementor-grid-0 elementor-widget elementor-widget-social-icons\" data-id=\"6a73c1f8\" data-element_type=\"widget\" data-widget_type=\"social-icons.default\">\n\t\t\t\t<div class=\"elementor-widget-container\">\n\t\t\t\t\t\t\t<div class=\"elementor-social-icons-wrapper elementor-grid\">\n\t\t\t\t\t\t\t<span class=\"elementor-grid-item\">\n\t\t\t\t\t<a class=\"elementor-icon elementor-social-icon elementor-social-icon-envelope elementor-repeater-item-585c8f5\" href=\"https:\/\/www.mordego.com\/es\/mail\/\" target=\"_blank\">\n\t\t\t\t\t\t<span class=\"elementor-screen-only\">Envelope<\/span>\n\t\t\t\t\t\t\t\t\t\t\t\t\t<i class=\"fa fa-envelope\"><\/i>\n\t\t\t\t\t\t\t\t\t\t\t<\/a>\n\t\t\t\t<\/span>\n\t\t\t\t\t\t\t<span class=\"elementor-grid-item\">\n\t\t\t\t\t<a class=\"elementor-icon elementor-social-icon elementor-social-icon-facebook elementor-repeater-item-anfijff\" href=\"https:\/\/www.facebook.com\/Mordego-films-464731467397491\/\" target=\"_blank\">\n\t\t\t\t\t\t<span class=\"elementor-screen-only\">Facebook<\/span>\n\t\t\t\t\t\t\t\t\t\t\t\t\t<i class=\"fa fa-facebook\"><\/i>\n\t\t\t\t\t\t\t\t\t\t\t<\/a>\n\t\t\t\t<\/span>\n\t\t\t\t\t\t\t<span class=\"elementor-grid-item\">\n\t\t\t\t\t<a class=\"elementor-icon elementor-social-icon elementor-social-icon-instagram elementor-repeater-item-0s01r1l\" href=\"https:\/\/www.instagram.com\/mordegofilms\/\" target=\"_blank\">\n\t\t\t\t\t\t<span class=\"elementor-screen-only\">Instagram<\/span>\n\t\t\t\t\t\t\t\t\t\t\t\t\t<i class=\"fa fa-instagram\"><\/i>\n\t\t\t\t\t\t\t\t\t\t\t<\/a>\n\t\t\t\t<\/span>\n\t\t\t\t\t\t\t<span class=\"elementor-grid-item\">\n\t\t\t\t\t<a class=\"elementor-icon elementor-social-icon elementor-social-icon-twitter elementor-repeater-item-89f0c71\" target=\"_blank\">\n\t\t\t\t\t\t<span class=\"elementor-screen-only\">Twitter<\/span>\n\t\t\t\t\t\t\t\t\t\t\t\t\t<i class=\"fa fa-twitter\"><\/i>\n\t\t\t\t\t\t\t\t\t\t\t<\/a>\n\t\t\t\t<\/span>\n\t\t\t\t\t\t\t<span class=\"elementor-grid-item\">\n\t\t\t\t\t<a class=\"elementor-icon elementor-social-icon elementor-social-icon-youtube elementor-repeater-item-88a1a1c\" target=\"_blank\">\n\t\t\t\t\t\t<span class=\"elementor-screen-only\">Youtube<\/span>\n\t\t\t\t\t\t\t\t\t\t\t\t\t<i class=\"fa fa-youtube\"><\/i>\n\t\t\t\t\t\t\t\t\t\t\t<\/a>\n\t\t\t\t<\/span>\n\t\t\t\t\t<\/div>\n\t\t\t\t\t\t<\/div>\n\t\t\t\t<\/div>\n\t\t\t\t\t<\/div>\n\t\t<\/div>\n\t\t\t\t\t<\/div>\n\t\t<\/section>\n\t\t\t\t<\/div>\n\t\t<!-- AddThis Advanced Settings generic via filter on the_content --><!-- AddThis Share Buttons generic via filter on the_content -->","protected":false},"excerpt":{"rendered":"<p>COOKIES English POLITICA DE COOKIES Si quieres saber m\u00e1s sobre el uso de cookies que realiza este sitio web\u00a0https:\/\/www.mordego.com,\u00a0est\u00e1s en el lugar indicado. \u00a0A continuaci\u00f3n, vamos a explicarte qu\u00e9 son exactamente las cookies; qu\u00e9 tipo de cookies utilizamos y para qu\u00e9; y c\u00f3mo puedes ejercer tu derecho para configurar tu navegador y desestimar el uso [&hellip;]<!-- AddThis Advanced Settings generic via filter on get_the_excerpt --><!-- AddThis Share Buttons generic via filter on get_the_excerpt --><\/p>","protected":false},"author":1,"featured_media":0,"parent":0,"menu_order":0,"comment_status":"closed","ping_status":"closed","template":"elementor_header_footer","meta":{"footnotes":""},"yst_prominent_words":[],"class_list":["post-864","page","type-page","status-publish","hentry"],"_links":{"self":[{"href":"https:\/\/www.mordego.com\/es\/wp-json\/wp\/v2\/pages\/864"}],"collection":[{"href":"https:\/\/www.mordego.com\/es\/wp-json\/wp\/v2\/pages"}],"about":[{"href":"https:\/\/www.mordego.com\/es\/wp-json\/wp\/v2\/types\/page"}],"author":[{"embeddable":true,"href":"https:\/\/www.mordego.com\/es\/wp-json\/wp\/v2\/users\/1"}],"replies":[{"embeddable":true,"href":"https:\/\/www.mordego.com\/es\/wp-json\/wp\/v2\/comments?post=864"}],"version-history":[{"count":27,"href":"https:\/\/www.mordego.com\/es\/wp-json\/wp\/v2\/pages\/864\/revisions"}],"predecessor-version":[{"id":5123,"href":"https:\/\/www.mordego.com\/es\/wp-json\/wp\/v2\/pages\/864\/revisions\/5123"}],"wp:attachment":[{"href":"https:\/\/www.mordego.com\/es\/wp-json\/wp\/v2\/media?parent=864"}],"wp:term":[{"taxonomy":"yst_prominent_words","embeddable":true,"href":"https:\/\/www.mordego.com\/es\/wp-json\/wp\/v2\/yst_prominent_words?post=864"}],"curies":[{"name":"wp","href":"https:\/\/api.w.org\/{rel}","templated":true}]}}